{"id":6448,"date":"2020-02-11T17:51:26","date_gmt":"2020-02-11T17:51:26","guid":{"rendered":"https:\/\/rajskarijeka.com\/?page_id=6448"},"modified":"2020-03-12T16:46:04","modified_gmt":"2020-03-12T16:46:04","slug":"rafting-tarom","status":"publish","type":"page","link":"https:\/\/rajskarijeka.com\/en\/rafting-tarom\/","title":{"rendered":"Tara River Rafting"},"content":{"rendered":"","protected":false},"excerpt":{"rendered":"","protected":false},"author":4,"featured_media":6127,"parent":0,"menu_order":0,"comment_status":"closed","ping_status":"closed","template":"","meta":{"footnotes":""},"class_list":["post-6448","page","type-page","status-publish","has-post-thumbnail","hentry"],"yoast_head":"<!-- This site is optimized with the Yoast SEO plugin v27.3 - https:\/\/yoast.com\/product\/yoast-seo-wordpress\/ -->\n<title>Tara River Rafting: Do\u017eivite nezaboravno iskustvo u netaknutoj prirodi<\/title>\n<meta name=\"description\" content=\"Ukoliko tra\u017eite nezaboravne trenutke i neponovljive dane u prirodi ispunjene dru\u017eenjem, uzbu\u0111enjem i dobrom energijom, posetite Rafting kamp Rajska Rijeka.\" \/>\n<meta name=\"robots\" content=\"index, follow, max-snippet:-1, max-image-preview:large, max-video-preview:-1\" \/>\n<link rel=\"canonical\" href=\"https:\/\/rajskarijeka.com\/en\/rafting-tarom\/\" \/>\n<meta property=\"og:locale\" content=\"en_US\" \/>\n<meta property=\"og:type\" content=\"article\" \/>\n<meta property=\"og:title\" content=\"Tara River Rafting: Do\u017eivite nezaboravno iskustvo u netaknutoj prirodi\" \/>\n<meta property=\"og:description\" content=\"Ukoliko tra\u017eite nezaboravne trenutke i neponovljive dane u prirodi ispunjene dru\u017eenjem, uzbu\u0111enjem i dobrom energijom, posetite Rafting kamp Rajska Rijeka.\" \/>\n<meta property=\"og:url\" content=\"https:\/\/rajskarijeka.com\/en\/rafting-tarom\/\" \/>\n<meta property=\"og:site_name\" content=\"Rajska Rijeka\" \/>\n<meta property=\"article:modified_time\" content=\"2020-03-12T16:46:04+00:00\" \/>\n<meta property=\"og:image\" content=\"https:\/\/rajskarijeka.com\/wp-content\/uploads\/2019\/04\/rafting-tarom-cover-rajska-rijeka.jpg\" \/>\n\t<meta property=\"og:image:width\" content=\"1200\" \/>\n\t<meta property=\"og:image:height\" content=\"628\" \/>\n\t<meta property=\"og:image:type\" content=\"image\/jpeg\" \/>\n<meta name=\"twitter:card\" content=\"summary_large_image\" \/>\n<script type=\"application\/ld+json\" class=\"yoast-schema-graph\">{\"@context\":\"https:\\\/\\\/schema.org\",\"@graph\":[{\"@type\":\"WebPage\",\"@id\":\"https:\\\/\\\/rajskarijeka.com\\\/en\\\/rafting-tarom\\\/\",\"url\":\"https:\\\/\\\/rajskarijeka.com\\\/en\\\/rafting-tarom\\\/\",\"name\":\"Tara River Rafting: Do\u017eivite nezaboravno iskustvo u netaknutoj prirodi\",\"isPartOf\":{\"@id\":\"https:\\\/\\\/rajskarijeka.com\\\/en\\\/#website\"},\"primaryImageOfPage\":{\"@id\":\"https:\\\/\\\/rajskarijeka.com\\\/en\\\/rafting-tarom\\\/#primaryimage\"},\"image\":{\"@id\":\"https:\\\/\\\/rajskarijeka.com\\\/en\\\/rafting-tarom\\\/#primaryimage\"},\"thumbnailUrl\":\"https:\\\/\\\/rajskarijeka.com\\\/wp-content\\\/uploads\\\/2019\\\/04\\\/rafting-tarom-cover-rajska-rijeka.jpg\",\"datePublished\":\"2020-02-11T17:51:26+00:00\",\"dateModified\":\"2020-03-12T16:46:04+00:00\",\"description\":\"Ukoliko tra\u017eite nezaboravne trenutke i neponovljive dane u prirodi ispunjene dru\u017eenjem, uzbu\u0111enjem i dobrom energijom, posetite Rafting kamp Rajska Rijeka.\",\"breadcrumb\":{\"@id\":\"https:\\\/\\\/rajskarijeka.com\\\/en\\\/rafting-tarom\\\/#breadcrumb\"},\"inLanguage\":\"en-US\",\"potentialAction\":[{\"@type\":\"ReadAction\",\"target\":[\"https:\\\/\\\/rajskarijeka.com\\\/en\\\/rafting-tarom\\\/\"]}]},{\"@type\":\"ImageObject\",\"inLanguage\":\"en-US\",\"@id\":\"https:\\\/\\\/rajskarijeka.com\\\/en\\\/rafting-tarom\\\/#primaryimage\",\"url\":\"https:\\\/\\\/rajskarijeka.com\\\/wp-content\\\/uploads\\\/2019\\\/04\\\/rafting-tarom-cover-rajska-rijeka.jpg\",\"contentUrl\":\"https:\\\/\\\/rajskarijeka.com\\\/wp-content\\\/uploads\\\/2019\\\/04\\\/rafting-tarom-cover-rajska-rijeka.jpg\",\"width\":1200,\"height\":628,\"caption\":\"rafting tarom rajska rijeka\"},{\"@type\":\"BreadcrumbList\",\"@id\":\"https:\\\/\\\/rajskarijeka.com\\\/en\\\/rafting-tarom\\\/#breadcrumb\",\"itemListElement\":[{\"@type\":\"ListItem\",\"position\":1,\"name\":\"Po\u010detna\",\"item\":\"https:\\\/\\\/rajskarijeka.com\\\/en\\\/\"},{\"@type\":\"ListItem\",\"position\":2,\"name\":\"Tara River Rafting\"}]},{\"@type\":\"WebSite\",\"@id\":\"https:\\\/\\\/rajskarijeka.com\\\/en\\\/#website\",\"url\":\"https:\\\/\\\/rajskarijeka.com\\\/en\\\/\",\"name\":\"Rajska Rijeka\",\"description\":\"\",\"potentialAction\":[{\"@type\":\"SearchAction\",\"target\":{\"@type\":\"EntryPoint\",\"urlTemplate\":\"https:\\\/\\\/rajskarijeka.com\\\/en\\\/?s={search_term_string}\"},\"query-input\":{\"@type\":\"PropertyValueSpecification\",\"valueRequired\":true,\"valueName\":\"search_term_string\"}}],\"inLanguage\":\"en-US\"}]}<\/script>\n<!-- \/ Yoast SEO plugin. -->","yoast_head_json":{"title":"Tara River Rafting: Do\u017eivite nezaboravno iskustvo u netaknutoj prirodi","description":"Ukoliko tra\u017eite nezaboravne trenutke i neponovljive dane u prirodi ispunjene dru\u017eenjem, uzbu\u0111enjem i dobrom energijom, posetite Rafting kamp Rajska Rijeka.","robots":{"index":"index","follow":"follow","max-snippet":"max-snippet:-1","max-image-preview":"max-image-preview:large","max-video-preview":"max-video-preview:-1"},"canonical":"https:\/\/rajskarijeka.com\/en\/rafting-tarom\/","og_locale":"en_US","og_type":"article","og_title":"Tara River Rafting: Do\u017eivite nezaboravno iskustvo u netaknutoj prirodi","og_description":"Ukoliko tra\u017eite nezaboravne trenutke i neponovljive dane u prirodi ispunjene dru\u017eenjem, uzbu\u0111enjem i dobrom energijom, posetite Rafting kamp Rajska Rijeka.","og_url":"https:\/\/rajskarijeka.com\/en\/rafting-tarom\/","og_site_name":"Rajska Rijeka","article_modified_time":"2020-03-12T16:46:04+00:00","og_image":[{"width":1200,"height":628,"url":"https:\/\/rajskarijeka.com\/wp-content\/uploads\/2019\/04\/rafting-tarom-cover-rajska-rijeka.jpg","type":"image\/jpeg"}],"twitter_card":"summary_large_image","schema":{"@context":"https:\/\/schema.org","@graph":[{"@type":"WebPage","@id":"https:\/\/rajskarijeka.com\/en\/rafting-tarom\/","url":"https:\/\/rajskarijeka.com\/en\/rafting-tarom\/","name":"Tara River Rafting: Do\u017eivite nezaboravno iskustvo u netaknutoj prirodi","isPartOf":{"@id":"https:\/\/rajskarijeka.com\/en\/#website"},"primaryImageOfPage":{"@id":"https:\/\/rajskarijeka.com\/en\/rafting-tarom\/#primaryimage"},"image":{"@id":"https:\/\/rajskarijeka.com\/en\/rafting-tarom\/#primaryimage"},"thumbnailUrl":"https:\/\/rajskarijeka.com\/wp-content\/uploads\/2019\/04\/rafting-tarom-cover-rajska-rijeka.jpg","datePublished":"2020-02-11T17:51:26+00:00","dateModified":"2020-03-12T16:46:04+00:00","description":"Ukoliko tra\u017eite nezaboravne trenutke i neponovljive dane u prirodi ispunjene dru\u017eenjem, uzbu\u0111enjem i dobrom energijom, posetite Rafting kamp Rajska Rijeka.","breadcrumb":{"@id":"https:\/\/rajskarijeka.com\/en\/rafting-tarom\/#breadcrumb"},"inLanguage":"en-US","potentialAction":[{"@type":"ReadAction","target":["https:\/\/rajskarijeka.com\/en\/rafting-tarom\/"]}]},{"@type":"ImageObject","inLanguage":"en-US","@id":"https:\/\/rajskarijeka.com\/en\/rafting-tarom\/#primaryimage","url":"https:\/\/rajskarijeka.com\/wp-content\/uploads\/2019\/04\/rafting-tarom-cover-rajska-rijeka.jpg","contentUrl":"https:\/\/rajskarijeka.com\/wp-content\/uploads\/2019\/04\/rafting-tarom-cover-rajska-rijeka.jpg","width":1200,"height":628,"caption":"rafting tarom rajska rijeka"},{"@type":"BreadcrumbList","@id":"https:\/\/rajskarijeka.com\/en\/rafting-tarom\/#breadcrumb","itemListElement":[{"@type":"ListItem","position":1,"name":"Po\u010detna","item":"https:\/\/rajskarijeka.com\/en\/"},{"@type":"ListItem","position":2,"name":"Tara River Rafting"}]},{"@type":"WebSite","@id":"https:\/\/rajskarijeka.com\/en\/#website","url":"https:\/\/rajskarijeka.com\/en\/","name":"Rajska Rijeka","description":"","potentialAction":[{"@type":"SearchAction","target":{"@type":"EntryPoint","urlTemplate":"https:\/\/rajskarijeka.com\/en\/?s={search_term_string}"},"query-input":{"@type":"PropertyValueSpecification","valueRequired":true,"valueName":"search_term_string"}}],"inLanguage":"en-US"}]}},"_links":{"self":[{"href":"https:\/\/rajskarijeka.com\/en\/wp-json\/wp\/v2\/pages\/6448","targetHints":{"allow":["GET"]}}],"collection":[{"href":"https:\/\/rajskarijeka.com\/en\/wp-json\/wp\/v2\/pages"}],"about":[{"href":"https:\/\/rajskarijeka.com\/en\/wp-json\/wp\/v2\/types\/page"}],"author":[{"embeddable":true,"href":"https:\/\/rajskarijeka.com\/en\/wp-json\/wp\/v2\/users\/4"}],"replies":[{"embeddable":true,"href":"https:\/\/rajskarijeka.com\/en\/wp-json\/wp\/v2\/comments?post=6448"}],"version-history":[{"count":0,"href":"https:\/\/rajskarijeka.com\/en\/wp-json\/wp\/v2\/pages\/6448\/revisions"}],"wp:featuredmedia":[{"embeddable":true,"href":"https:\/\/rajskarijeka.com\/en\/wp-json\/wp\/v2\/media\/6127"}],"wp:attachment":[{"href":"https:\/\/rajskarijeka.com\/en\/wp-json\/wp\/v2\/media?parent=6448"}],"curies":[{"name":"wp","href":"https:\/\/api.w.org\/{rel}","templated":true}]}}